{"id":6299,"date":"2019-10-03T17:48:14","date_gmt":"2019-10-03T15:48:14","guid":{"rendered":"http:\/\/relaunch.gsk.de\/?page_id=6299"},"modified":"2025-11-10T19:29:27","modified_gmt":"2025-11-10T18:29:27","slug":"gsk-desk-frankreich","status":"publish","type":"page","link":"https:\/\/gsk.de\/de\/international\/gsk-desk-frankreich\/","title":{"rendered":"GSK Desk Frankreich"},"content":{"rendered":"<div\n\tclass=\"dhsv-section with-bg bg-light\n\t\"\n\tdata-align=\"full\"\n\tstyle=\"\"\n>\n\t<div class=\"is-root-container\">\n\t\t\n<style>.kb-row-layout-id6299_1015aa-b4 > .kt-row-column-wrap{align-content:center;}:where(.kb-row-layout-id6299_1015aa-b4 > .kt-row-column-wrap) > .wp-block-kadence-column{justify-content:center;}.kb-row-layout-id6299_1015aa-b4 > .kt-row-column-wrap{column-gap:var(--global-kb-gap-none, 0rem );row-gap:var(--global-kb-gap-none, 0rem );max-width:1280px;margin-left:auto;margin-right:auto;padding-top:0px;padding-bottom:0px;grid-template-columns:repeat(2, minmax(0, 1fr));}.kb-row-layout-id6299_1015aa-b4{background-color:#f2f2f3;}.kb-row-layout-id6299_1015aa-b4 > .kt-row-layout-overlay{opacity:0.30;}@media all and (max-width: 1024px){.kb-row-layout-id6299_1015aa-b4 > .kt-row-column-wrap{grid-template-columns:repeat(2, minmax(0, 1fr));}}@media all and (max-width: 767px){.kb-row-layout-id6299_1015aa-b4 > .kt-row-column-wrap{grid-template-columns:minmax(0, 1fr);}}<\/style><div class=\"kb-row-layout-wrap kb-row-layout-id6299_1015aa-b4 alignnone kt-row-has-bg wp-block-kadence-rowlayout\"><div class=\"kt-row-column-wrap kt-has-2-columns kt-row-layout-equal kt-tab-layout-inherit kt-mobile-layout-row kt-row-valign-middle\">\n<style>.kadence-column6299_080dc3-b0 > .kt-inside-inner-col{padding-right:30px;}.kadence-column6299_080dc3-b0 > .kt-inside-inner-col,.kadence-column6299_080dc3-b0 > .kt-inside-inner-col:before{border-top-left-radius:0px;border-top-right-radius:0px;border-bottom-right-radius:0px;border-bottom-left-radius:0px;}.kadence-column6299_080dc3-b0 > .kt-inside-inner-col{column-gap:var(--global-kb-gap-sm, 1rem);}.kadence-column6299_080dc3-b0 > .kt-inside-inner-col{flex-direction:column;}.kadence-column6299_080dc3-b0 > .kt-inside-inner-col > .aligncenter{width:100%;}.kadence-column6299_080dc3-b0 > .kt-inside-inner-col:before{opacity:0.3;}.kadence-column6299_080dc3-b0{position:relative;}@media all and (max-width: 1024px){.kadence-column6299_080dc3-b0 > .kt-inside-inner-col{flex-direction:column;justify-content:center;}}@media all and (max-width: 767px){.kadence-column6299_080dc3-b0 > .kt-inside-inner-col{padding-right:0px;flex-direction:column;justify-content:center;}}<\/style>\n<div class=\"wp-block-kadence-column kadence-column6299_080dc3-b0 inner-column-1\"><div class=\"kt-inside-inner-col\">\n<figure class=\"wp-block-image aligncenter size-large is-resized\"><img decoding=\"async\" src=\"https:\/\/gsk.de\/wp-content\/uploads\/2019\/10\/Header_FrankreichKorsika.jpg\" alt=\"\" style=\"object-fit:cover;width:416px;height:416px\"\/><\/figure>\n<\/div><\/div>\n\n\n<style>.kadence-column6299_d1594c-2b > .kt-inside-inner-col{padding-top:25px;padding-right:127px;padding-bottom:25px;}.kadence-column6299_d1594c-2b > .kt-inside-inner-col,.kadence-column6299_d1594c-2b > .kt-inside-inner-col:before{border-top-left-radius:0px;border-top-right-radius:0px;border-bottom-right-radius:0px;border-bottom-left-radius:0px;}.kadence-column6299_d1594c-2b > .kt-inside-inner-col{column-gap:var(--global-kb-gap-sm, 1rem);}.kadence-column6299_d1594c-2b > .kt-inside-inner-col{flex-direction:column;}.kadence-column6299_d1594c-2b > .kt-inside-inner-col > .aligncenter{width:100%;}.kadence-column6299_d1594c-2b > .kt-inside-inner-col:before{opacity:0.3;}.kadence-column6299_d1594c-2b{position:relative;}@media all and (max-width: 1024px){.kadence-column6299_d1594c-2b > .kt-inside-inner-col{flex-direction:column;justify-content:center;}}@media all and (max-width: 767px){.kadence-column6299_d1594c-2b > .kt-inside-inner-col{padding-top:0px;padding-right:0px;flex-direction:column;justify-content:center;}}<\/style>\n<div class=\"wp-block-kadence-column kadence-column6299_d1594c-2b inner-column-2\"><div class=\"kt-inside-inner-col\">\n<figure class=\"wp-block-image size-large is-resized\"><img decoding=\"async\" src=\"https:\/\/gsk.de\/wp-content\/uploads\/2019\/10\/icon_arrow_right.png\" alt=\"\" style=\"object-fit:cover;width:24px;height:30px\"\/><\/figure>\n\n\n\n<blockquote class=\"wp-block-quote is-layout-flow wp-block-quote-is-layout-flow\">\n<p><span class=\"color\" style=\"color:#00839b\">YOUR PERSPECTIVE.<br><\/span><strong><span class=\"color\" style=\"color:#00839b\">GSK DESK FRANKREICH<\/span><\/strong><\/p>\n<\/blockquote>\n<\/div><\/div>\n\n<\/div><\/div>\n\n\t<\/div>\n<\/div>\n\n\n<div class=\"kb-row-layout-wrap kb-row-layout-id6299_c21261-09 alignnone wp-block-kadence-rowlayout\"><div class=\"kt-row-column-wrap kt-has-1-columns kt-row-layout-equal kt-tab-layout-inherit kt-mobile-layout-row kt-row-valign-top\">\n\n<div class=\"wp-block-kadence-column kadence-column6299_1e4020-21 inner-column-1\"><div class=\"kt-inside-inner-col\"><div class=\"kb-row-layout-wrap kb-row-layout-id6299_9988fd-20 alignnone wp-block-kadence-rowlayout\"><div class=\"kt-row-column-wrap kt-has-2-columns kt-row-layout-equal kt-tab-layout-inherit kt-mobile-layout-row kt-row-valign-top\">\n\n<div class=\"wp-block-kadence-column kadence-column6299_7ca67e-63 inner-column-1\"><div class=\"kt-inside-inner-col\">\n<h2 class=\"kt-adv-heading6299_77d341-ef wp-block-kadence-advancedheading\" data-kb-block=\"kb-adv-heading6299_77d341-ef\"><span class=\"color\" style=\"color:#00839b\">Ein wichtiger Partner.<br>Mit guten Zukunftsaussichten.<\/span><\/h2>\n<\/div><\/div>\n\n\n\n<div class=\"wp-block-kadence-column kadence-column6299_b41b6f-18 inner-column-2\"><div class=\"kt-inside-inner-col\">\n<p><\/p>\n<\/div><\/div>\n\n<\/div><\/div>\n\n<div class=\"kb-row-layout-wrap kb-row-layout-id6299_350cad-88 alignnone wp-block-kadence-rowlayout\"><div class=\"kt-row-column-wrap kt-has-2-columns kt-row-layout-equal kt-tab-layout-inherit kt-mobile-layout-row kt-row-valign-top\">\n\n<div class=\"wp-block-kadence-column kadence-column6299_02cd4e-98 inner-column-1\"><div class=\"kt-inside-inner-col\">\n<p>Der GSK Desk Frankreich besteht aus Anw\u00e4lten mit einem tiefgreifenden Verst\u00e4ndnis der rechtlichen und regulatorischen Struktur sowie der Business-Kultur des Landes. Die Mitglieder unseres Teams haben in Frankreich gelebt und\/oder studiert, sprechen flie\u00dfend Franz\u00f6sisch oder sind Muttersprachler und verf\u00fcgen \u00fcber sehr gute Business-Kontakte im dortigen Markt. Unsere Anw\u00e4lte beraten Mandanten zu Gesch\u00e4ftsaktivit\u00e4ten in Frankreich oder umgekehrt franz\u00f6sische Unternehmen bei ihren wirtschaftlichen Aktivit\u00e4ten in Deutschland oder Luxemburg.<\/p>\n<\/div><\/div>\n\n\n\n<div class=\"wp-block-kadence-column kadence-column6299_e3e651-7c inner-column-2\"><div class=\"kt-inside-inner-col\">\n<p>Wir haben hervorragende Kontakte mit f\u00fchrenden unabh\u00e4ngigen Partnerkanzleien in Frankreich aufgebaut, die uns in die Lage versetzen, unsere Mandanten bei der erfolgreichen Umsetzung ihrer Business-Strategie zu unterst\u00fctzen. Dies gibt uns die Flexibilit\u00e4t, individuelle Beraterteams aufzustellen, die nach den Anforderungen der Projekte unserer Mandanten ma\u00dfgeschneidert sind.<\/p>\n<\/div><\/div>\n\n<\/div><\/div><\/div><\/div>\n\n<\/div><\/div>\n\n<div\n\tclass=\"dhsv-section with-bg bg-light\n\t\"\n\tdata-align=\"full\"\n\tstyle=\"\"\n>\n\t<div class=\"is-root-container\">\n\t\t\n<div class=\"kb-row-layout-wrap kb-row-layout-id6299_765172-13 alignnone kt-row-has-bg wp-block-kadence-rowlayout\"><div class=\"kt-row-column-wrap kt-has-2-columns kt-row-layout-equal kt-tab-layout-inherit kt-mobile-layout-row kt-row-valign-middle\">\n\n<div class=\"wp-block-kadence-column kadence-column6299_1f05c4-ba inner-column-1\"><div class=\"kt-inside-inner-col\">\n<figure class=\"wp-block-image aligncenter size-large\"><img loading=\"lazy\" decoding=\"async\" width=\"951\" height=\"1024\" src=\"https:\/\/gsk.de\/wp-content\/uploads\/2025\/11\/gsk-stockmann-AP_Rumetsch-951x1024.png\" alt=\"Abbildung Ansprechpartner Johann Rumetsch\" class=\"wp-image-56197\" style=\"object-fit:cover\" srcset=\"https:\/\/gsk.de\/wp-content\/uploads\/2025\/11\/gsk-stockmann-AP_Rumetsch-951x1024.png 951w, https:\/\/gsk.de\/wp-content\/uploads\/2025\/11\/gsk-stockmann-AP_Rumetsch-279x300.png 279w, https:\/\/gsk.de\/wp-content\/uploads\/2025\/11\/gsk-stockmann-AP_Rumetsch-768x827.png 768w, https:\/\/gsk.de\/wp-content\/uploads\/2025\/11\/gsk-stockmann-AP_Rumetsch.png 1048w\" sizes=\"auto, (max-width: 951px) 100vw, 951px\" \/><\/figure>\n<\/div><\/div>\n\n\n\n<div class=\"wp-block-kadence-column kadence-column6299_987be0-9a inner-column-2\"><div class=\"kt-inside-inner-col\">\n<h2 class=\"kt-adv-heading6299_2de9a9-60 wp-block-kadence-advancedheading\" data-kb-block=\"kb-adv-heading6299_2de9a9-60\"><span class=\"color\" style=\"color:#00839b\">Der GSK Desk Frankreich wird von Johann Rumetsch koordiniert.<\/span><\/h2>\n\n\n<div data-component=\"Getanwalt\" data-props=\"{&quot;post&quot;:{&quot;0&quot;:1006},&quot;align&quot;:&quot;full&quot;,&quot;title&quot;:&quot;&quot;,&quot;content&quot;:&quot;&quot;}\"><\/div>\n<\/div><\/div>\n\n<\/div><\/div>\n\n\t<\/div>\n<\/div>\n","protected":false},"excerpt":{"rendered":"<p>Ein wichtiger Partner.Mit guten Zukunftsaussichten. Der GSK Desk Frankreich besteht aus Anw\u00e4lten mit einem tiefgreifenden Verst\u00e4ndnis der rechtlichen und regulatorischen Struktur sowie der Business-Kultur des Landes. Die Mitglieder unseres Teams haben in Frankreich gelebt und\/oder studiert, sprechen flie\u00dfend Franz\u00f6sisch oder sind Muttersprachler und verf\u00fcgen \u00fcber sehr gute Business-Kontakte im dortigen&#8230;<\/p>\n","protected":false},"author":32,"featured_media":0,"parent":2580,"menu_order":0,"comment_status":"closed","ping_status":"closed","template":"","meta":{"_acf_changed":false,"inline_featured_image":false,"footnotes":""},"megatrends":[],"class_list":["post-6299","page","type-page","status-publish","hentry"],"acf":{"gsk_tabs":[{"aktiv":["ja"],"mobil_verstecken":[],"tab_titel":"L\u00e4nderdesk","tab_link":"","untertitel1":"","inhalt_spalte1":"<h2 class=\"white\">Marktbedingungen<br \/>\nund -anforderungen.<\/h2>\n<p class=\"white\">Die Globalisierung der M\u00e4rkte erfordert ein tiefgreifendes Verst\u00e4ndnis der rechtlichen, wirtschaftlichen und kulturellen Aspekte bei der Beratung von Unternehmen im Rahmen ihrer internationalen Vorhaben.<\/p>\n","volle_breite":[],"untertitel2":"","inhalt_spalte2":"<div class=\"lightpetrolbg\">\n<p class=\"readmore weiss no-margin\"><a href=\"https:\/\/gsk.de\/de\/international\/gsk-desk-oesterreich-und-schweiz\/\">GSK DESK \u00d6STERREICH UND SCHWEIZ<\/a><\/p>\n<p class=\"readmore weiss no-margin\"><a href=\"https:\/\/gsk.de\/de\/international\/gsk-desk-benelux\/\">GSK DESK BENELUX<\/a><\/p>\n<p class=\"readmore weiss no-margin\"><a href=\"https:\/\/gsk.de\/de\/international\/gsk-desk-china\/\">GSK DESK CHINA<\/a><\/p>\n<p class=\"readmore weiss no-margin\"><a href=\"https:\/\/gsk.de\/de\/international\/gsk-desk-frankreich\/\">GSK DESK FRANKREICH<\/a><\/p>\n<p class=\"readmore weiss no-margin\"><a href=\"https:\/\/gsk.de\/de\/international\/gsk-desk-italien\/\">GSK DESK ITALIEN<\/a><\/p>\n<p class=\"readmore weiss no-margin\"><a href=\"https:\/\/gsk.de\/de\/international\/gsk-desk-usa\/\">GSK DESK USA<\/a><\/p>\n<\/div>\n","mobiler_abstand":["abstand"]},{"aktiv":[],"mobil_verstecken":["ja"],"tab_titel":"Karte","tab_link":"","untertitel1":"","inhalt_spalte1":"<div class=\"svgmap-container\">\n                  <img\n                    class=\"gskmap\"\n                    src=\"https:\/\/gsk.de\/wp-content\/themes\/360vier-theme\/resources\/assets\/images\/Karte-Standorte2.png\"\n                    alt=\"GSK International Map\"\n                  \/>\n                  <object\n                  class=\"gskmap-svg\"\n                  type=\"image\/svg+xml\"\n                  data=\"https:\/\/gsk.de\/wp-content\/themes\/360vier-theme\/resources\/assets\/images\/Karte-Standorte.svg\"><\/object>\n                <\/div>\n","volle_breite":["ja"],"untertitel2":"","inhalt_spalte2":"","mobiler_abstand":[]}],"mobil_ausblenden":["ja"],"show_smallprint":true,"featured_posts":false,"white_header":false,"standard_text":true,"custom_text":false,"contact_bar":false,"newslettertitle":"","newsletter_subtitle":"","footertext":"","show_sticky_banner":true,"closed_by_default":false},"_links":{"self":[{"href":"https:\/\/gsk.de\/de\/wp-json\/wp\/v2\/pages\/6299","targetHints":{"allow":["GET"]}}],"collection":[{"href":"https:\/\/gsk.de\/de\/wp-json\/wp\/v2\/pages"}],"about":[{"href":"https:\/\/gsk.de\/de\/wp-json\/wp\/v2\/types\/page"}],"author":[{"embeddable":true,"href":"https:\/\/gsk.de\/de\/wp-json\/wp\/v2\/users\/32"}],"replies":[{"embeddable":true,"href":"https:\/\/gsk.de\/de\/wp-json\/wp\/v2\/comments?post=6299"}],"version-history":[{"count":4,"href":"https:\/\/gsk.de\/de\/wp-json\/wp\/v2\/pages\/6299\/revisions"}],"predecessor-version":[{"id":56200,"href":"https:\/\/gsk.de\/de\/wp-json\/wp\/v2\/pages\/6299\/revisions\/56200"}],"up":[{"embeddable":true,"href":"https:\/\/gsk.de\/de\/wp-json\/wp\/v2\/pages\/2580"}],"wp:attachment":[{"href":"https:\/\/gsk.de\/de\/wp-json\/wp\/v2\/media?parent=6299"}],"wp:term":[{"taxonomy":"megatrends","embeddable":true,"href":"https:\/\/gsk.de\/de\/wp-json\/wp\/v2\/megatrends?post=6299"}],"curies":[{"name":"wp","href":"https:\/\/api.w.org\/{rel}","templated":true}]}}